{"id":3720,"date":"2023-01-19T12:36:31","date_gmt":"2023-01-19T12:36:31","guid":{"rendered":"http:\/\/delphis.cetacei.org\/?page_id=3720"},"modified":"2023-02-21T10:26:48","modified_gmt":"2023-02-21T10:26:48","slug":"research-vessel","status":"publish","type":"page","link":"https:\/\/oceanomaredelphis.org\/en\/research-vessel\/","title":{"rendered":"research vessel"},"content":{"rendered":"<div class=\"wp-block-stackable-columns alignfull stk-block-columns stk-block stk-aa3f787 stk-block-background stk--has-background-overlay\" data-block-id=\"aa3f787\"><style>.stk-aa3f787{background-image:url(http:\/\/oceanomaredelphis.org\/wp-content\/uploads\/2023\/01\/JG_banner.jpg) !important;background-position:center left !important;border-style:solid !important;border-color:var(--theme-palette-color-2,#002a76) !important;border-top-width:1px !important;border-right-width:0px !important;border-bottom-width:1px !important;border-left-width:0px !important;min-height:400px !important;max-width:1920px !important}@media screen and (max-width:999px){.stk-aa3f787{min-height:300px !important}}@media screen and (max-width:689px){.stk-aa3f787{background-image:url(http:\/\/oceanomaredelphis.org\/wp-content\/uploads\/2023\/01\/JG_phone_banner.jpg) !important;min-height:400px !important}}<\/style><div class=\"stk-row stk-inner-blocks stk-block-content stk-content-align stk-aa3f787-column alignfull\">\n<div class=\"wp-block-stackable-column stk-block-column stk-block-column--v3 stk-column stk-block-column--v2 stk-block stk-970feb6\" data-block-id=\"970feb6\"><div class=\"stk-column-wrapper stk-block-column__content stk-container stk-970feb6-container stk--no-background stk--no-padding\"><div class=\"stk-block-content stk-inner-blocks stk-970feb6-inner-blocks\"><\/div><\/div><\/div>\n<\/div><\/div>\n\n\n\n<div class=\"wp-block-stackable-spacer stk-block-spacer stk--no-padding stk-block stk-5237690\" data-block-id=\"5237690\"><style>.stk-5237690{height:25px !important}<\/style><\/div>\n\n\n\n<div class=\"wp-block-stackable-heading stk-block-heading stk-block-heading--v2 stk-block stk-2c8e3e8\" id=\"jean-gab-cutter-1930\" data-block-id=\"2c8e3e8\"><h2 class=\"stk-block-heading__text stk-block-heading--use-theme-margins\">Jean Gab, cutter 1930<\/h2><\/div>\n\n\n\n<div class=\"wp-block-stackable-text stk-block-text stk-block stk-f9e5006\" data-block-id=\"f9e5006\"><p class=\"stk-block-text__text translation-block\">Jean Gab is an oceanic oak cutter built in Marseille in 1930 by France's most famous naval architect, <a href=\"https:\/\/mauric.classic-yachting.com\/\" target=\"_blank\" rel=\"noreferrer noopener\">Andr\u00e9 Mauric<\/a>.<br>Andr\u00e9 Mauric designed the French sailing boats for America's Cup (France I and France II) and signed Pen Duick IV, used by famous French sailor Eric Tabarly for the Whitbread Cup.\nJean Gab is Mauric's first large sailing ship, built to race and cruise all oceans. She is a fast boat with beautiful water lines, stable even in rough seas. The vessel is therefore designed for fast offshore sailing, and all, exterior and interior, primarily reflect this purpose.<\/p><\/div>\n\n\n\n<div class=\"wp-block-stackable-image stk-block-image stk-block stk-92f6a9f\" data-block-id=\"92f6a9f\"><figure class=\"stk-img-wrapper stk-image--shape-stretch\"><img loading=\"lazy\" decoding=\"async\" class=\"stk-img wp-image-3727\" src=\"http:\/\/oceanomaredelphis.org\/wp-content\/uploads\/2023\/01\/JG_tavolo.jpg\" width=\"1200\" height=\"651\" srcset=\"https:\/\/oceanomaredelphis.org\/wp-content\/uploads\/2023\/01\/JG_tavolo.jpg 1200w, https:\/\/oceanomaredelphis.org\/wp-content\/uploads\/2023\/01\/JG_tavolo-300x163.jpg 300w, https:\/\/oceanomaredelphis.org\/wp-content\/uploads\/2023\/01\/JG_tavolo-1024x556.jpg 1024w, https:\/\/oceanomaredelphis.org\/wp-content\/uploads\/2023\/01\/JG_tavolo-768x417.jpg 768w\" sizes=\"auto, (max-width: 1200px) 100vw, 1200px\" \/><\/figure><\/div>\n\n\n\n<div class=\"wp-block-stackable-text stk-block-text stk-block stk-999a711\" data-block-id=\"999a711\"><p class=\"stk-block-text__text\">The exteriors are large and spacious to leave room for sailing maneuvers; the interiors are small, cozy, and spartan, designed to protect the crew from the force of the billows. Jean Gab is 17.70 m long, 4.45 m wide, and 2.50 deep.<br>While sailing, you live outside on the deck.<br>In the center of the boat, at the foot of the mainmast, is the outdoor lounge with a table. We have lunch and dinner on Jean Gab's outside table in our private lounge under the stars.<\/p><\/div>\n\n\n\n<div class=\"wp-block-stackable-heading stk-block-heading stk-block-heading--v2 stk-block stk-54e66ae\" id=\"gli-interni\" data-block-id=\"54e66ae\"><h2 class=\"stk-block-heading__text stk-block-heading--use-theme-margins\">The Interior<\/h2><\/div>\n\n\n\n<div class=\"wp-block-stackable-text stk-block-text stk-block stk-bbe7c68\" data-block-id=\"bbe7c68\"><p class=\"stk-block-text__text\">consists of a large galley with a table and windows. Here we cook, stow provisions, and, when it rains, eat meals. The table serves as a chart table while sailing, and the small living room welcomes us to chat in our free time.<br>Descending into Jean Gab's \"womb\" you will arrive at the sleeping area for six participants of both sexes, (2 single bunks and 2 double bunks). In August, when the boat is often full, you may be asked to share the double bunks with a participant of the same sex; if you happen to be on an uncrowded shift, however, you can have the entire space at your disposal.<\/p><\/div>\n\n\n\n<div class=\"wp-block-stackable-columns stk-block-columns stk-block stk-b0c7ba0\" data-block-id=\"b0c7ba0\"><div class=\"stk-row stk-inner-blocks stk-block-content stk-content-align stk-b0c7ba0-column\">\n<div class=\"wp-block-stackable-column stk-block-column stk-block-column--v3 stk-column stk-block-column--v2 stk-block stk-c6d75fb\" data-block-id=\"c6d75fb\"><div class=\"stk-column-wrapper stk-block-column__content stk-container stk-c6d75fb-container stk--no-background stk--no-padding\"><div class=\"stk-block-content stk-inner-blocks stk-c6d75fb-inner-blocks\">\n<div class=\"wp-block-stackable-image stk-block-image stk-block stk-cf18271\" data-block-id=\"cf18271\"><figure class=\"stk-img-wrapper stk-image--shape-stretch\"><img loading=\"lazy\" decoding=\"async\" class=\"stk-img wp-image-3728\" src=\"http:\/\/oceanomaredelphis.org\/wp-content\/uploads\/2023\/01\/JG_berths.jpg\" width=\"1200\" height=\"900\" srcset=\"https:\/\/oceanomaredelphis.org\/wp-content\/uploads\/2023\/01\/JG_berths.jpg 1200w, https:\/\/oceanomaredelphis.org\/wp-content\/uploads\/2023\/01\/JG_berths-300x225.jpg 300w, https:\/\/oceanomaredelphis.org\/wp-content\/uploads\/2023\/01\/JG_berths-1024x768.jpg 1024w, https:\/\/oceanomaredelphis.org\/wp-content\/uploads\/2023\/01\/JG_berths-768x576.jpg 768w\" sizes=\"auto, (max-width: 1200px) 100vw, 1200px\" \/><\/figure><\/div>\n<\/div><\/div><\/div>\n\n\n\n<div class=\"wp-block-stackable-column stk-block-column stk-block-column--v3 stk-column stk-block-column--v2 stk-block stk-182e271\" data-block-id=\"182e271\"><div class=\"stk-column-wrapper stk-block-column__content stk-container stk-182e271-container stk--no-background stk--no-padding\"><div class=\"stk-block-content stk-inner-blocks stk-182e271-inner-blocks\">\n<div class=\"wp-block-stackable-image stk-block-image stk-block stk-0f56acd\" data-block-id=\"0f56acd\"><figure class=\"stk-img-wrapper stk-image--shape-stretch\"><img loading=\"lazy\" decoding=\"async\" class=\"stk-img wp-image-3730\" src=\"http:\/\/oceanomaredelphis.org\/wp-content\/uploads\/2023\/01\/JG_kitchen_r.jpg\" width=\"1200\" height=\"900\" srcset=\"https:\/\/oceanomaredelphis.org\/wp-content\/uploads\/2023\/01\/JG_kitchen_r.jpg 1200w, https:\/\/oceanomaredelphis.org\/wp-content\/uploads\/2023\/01\/JG_kitchen_r-300x225.jpg 300w, https:\/\/oceanomaredelphis.org\/wp-content\/uploads\/2023\/01\/JG_kitchen_r-1024x768.jpg 1024w, https:\/\/oceanomaredelphis.org\/wp-content\/uploads\/2023\/01\/JG_kitchen_r-768x576.jpg 768w\" sizes=\"auto, (max-width: 1200px) 100vw, 1200px\" \/><\/figure><\/div>\n<\/div><\/div><\/div>\n\n\n\n<div class=\"wp-block-stackable-column stk-block-column stk-block-column--v3 stk-column stk-block-column--v2 stk-block stk-2f60ece\" data-block-id=\"2f60ece\"><div class=\"stk-column-wrapper stk-block-column__content stk-container stk-2f60ece-container stk--no-background stk--no-padding\"><div class=\"stk-block-content stk-inner-blocks stk-2f60ece-inner-blocks\">\n<div class=\"wp-block-stackable-image stk-block-image stk-block stk-431fb1a\" data-block-id=\"431fb1a\"><figure class=\"stk-img-wrapper stk-image--shape-stretch\"><img loading=\"lazy\" decoding=\"async\" class=\"stk-img wp-image-3729\" src=\"http:\/\/oceanomaredelphis.org\/wp-content\/uploads\/2023\/01\/JG_kitchen_l.jpg\" width=\"1200\" height=\"900\" srcset=\"https:\/\/oceanomaredelphis.org\/wp-content\/uploads\/2023\/01\/JG_kitchen_l.jpg 1200w, https:\/\/oceanomaredelphis.org\/wp-content\/uploads\/2023\/01\/JG_kitchen_l-300x225.jpg 300w, https:\/\/oceanomaredelphis.org\/wp-content\/uploads\/2023\/01\/JG_kitchen_l-1024x768.jpg 1024w, https:\/\/oceanomaredelphis.org\/wp-content\/uploads\/2023\/01\/JG_kitchen_l-768x576.jpg 768w\" sizes=\"auto, (max-width: 1200px) 100vw, 1200px\" \/><\/figure><\/div>\n<\/div><\/div><\/div>\n<\/div><\/div>\n\n\n\n<div class=\"wp-block-stackable-text stk-block-text stk-block stk-c63a59b\" data-block-id=\"c63a59b\"><p class=\"stk-block-text__text\"><em><strong>We remind you that living aboard sailboats like Jean Gab is a choice: eco-friendly, simple, communal lifestyle, conservation of resources and energy.<br>There is no privacy on board, not even behind cabin bulkheads; nevertheless, the boat size is anything but restricted; the sea and sky will offer you endless horizons, and every sighting turn will give you a chance to savor the peace of sailing.<\/strong><\/em><\/p><\/div>\n\n\n\n<div class=\"wp-block-stackable-columns stk-block-columns stk-block stk-26e9add stk-block-background\" data-block-id=\"26e9add\"><style>.stk-26e9add{background-color:var(--theme-palette-color-6,#f2f5f7) !important;border-style:solid !important;border-color:var(--theme-palette-color-5,#e1e8ed) !important}.stk-26e9add:before{background-color:var(--theme-palette-color-6,#f2f5f7) !important}<\/style><div class=\"stk-row stk-inner-blocks stk-block-content stk-content-align stk-26e9add-column\">\n<div class=\"wp-block-stackable-column stk-block-column stk-block-column--v3 stk-column stk-block-column--v2 stk-block stk-e8a832c\" data-block-id=\"e8a832c\"><style>@media screen and (min-width:690px){.stk-e8a832c{flex:1 1 33.3% !important}}<\/style><div class=\"stk-column-wrapper stk-block-column__content stk-container stk-e8a832c-container stk--no-background stk--no-padding\"><div class=\"stk-block-content stk-inner-blocks stk-e8a832c-inner-blocks\">\n<p><strong>Year of construction<\/strong>: 1930<br><br><strong>Length<\/strong>: overall : 17.70 m Deck: 16 m<br><strong>Width<\/strong>: 4,45 m<br><strong>Sail area<\/strong>: 160 sq m<br><strong>Draft<\/strong>: 2,50 m<br><strong>Gross tonnage<\/strong>: 22.95 tons<br><strong>Engine<\/strong>: Iveco Aifo 145 HP diesel<br><strong>Sails<\/strong>: mainsail, staysail, jib, gennaker<br><br><strong>Shipyard<\/strong>: Grossi, Marseille. Oak and mahogany planking, oak and elm ribs, Oregon pine deck.<br> <br>Marshal inflatable boat 4.5m. Johnson 25 hp outboard. Hydraulic Star Pilot autopilot. NKE (lochspeedo) navigation center. Penn Lann anemometer. MagellanNav 1200 GPS. Sailor VHF.<\/p>\n<\/div><\/div><\/div>\n\n\n\n<div class=\"wp-block-stackable-column stk-block-column stk-block-column--v3 stk-column stk-block-column--v2 stk-block stk-088f15b\" data-block-id=\"088f15b\"><style>@media screen and (min-width:690px){.stk-088f15b{flex:1 1 66.7% !important}}<\/style><div class=\"stk-column-wrapper stk-block-column__content stk-container stk-088f15b-container stk--no-background stk--no-padding\"><div class=\"stk-block-content stk-inner-blocks stk-088f15b-inner-blocks\">\n<div class=\"wp-block-stackable-image stk-block-image stk-block stk-21c00d9\" data-block-id=\"21c00d9\"><figure class=\"stk-img-wrapper stk-image--shape-stretch\"><img loading=\"lazy\" decoding=\"async\" class=\"stk-img wp-image-3733\" src=\"http:\/\/oceanomaredelphis.org\/wp-content\/uploads\/2023\/01\/JG.jpg\" width=\"1168\" height=\"1200\" srcset=\"https:\/\/oceanomaredelphis.org\/wp-content\/uploads\/2023\/01\/JG.jpg 1168w, https:\/\/oceanomaredelphis.org\/wp-content\/uploads\/2023\/01\/JG-292x300.jpg 292w, https:\/\/oceanomaredelphis.org\/wp-content\/uploads\/2023\/01\/JG-997x1024.jpg 997w, https:\/\/oceanomaredelphis.org\/wp-content\/uploads\/2023\/01\/JG-768x789.jpg 768w\" sizes=\"auto, (max-width: 1168px) 100vw, 1168px\" \/><\/figure><\/div>\n<\/div><\/div><\/div>\n<\/div><\/div>\n\n\n\n<div class=\"wp-block-stackable-heading stk-block-heading stk-block-heading--v2 stk-block stk-00e3e79\" id=\"storico\" data-block-id=\"00e3e79\"><h2 class=\"stk-block-heading__text stk-block-heading--use-theme-margins\">Historical<\/h2><\/div>\n\n\n\n<p class=\"translation-block\"><a href=\"https:\/\/fr.wikipedia.org\/wiki\/Jean-Gabriel_Daragns\" target=\"_blank\" rel=\"noreferrer noopener\">Jean Gabriel Daragn\u00e8s<\/a> (1889-1950) was a publisher and printer in Paris, but equally a painter-illustrator and engraver.<br>As an artist, his career began as a painter, but he soon trained in the art of engraving.\nHis works testify to his love for the book as a whole. Not only did he illustrate his books, but he was also a master printer and bibliophile.<br>\nHe gathered a circle of friends that included writers such as Colette, Carco, Val\u00e9ry, Mac Orlan, Celine, and Giraudoux and artists including Galanis, Bofa, Dufy, Gen Paul, Falk\u00e9, and publisher Emile Paul.\nThey met every Saturday in Montmartre, in Daragn\u00e8s' atelier, where all new joint projects and works took shape.<\/p>\n\n\n\n<div class=\"wp-block-stackable-columns stk-block-columns stk-block stk-46dc3a3\" data-block-id=\"46dc3a3\"><div class=\"stk-row stk-inner-blocks stk-block-content stk-content-align stk-46dc3a3-column\">\n<div class=\"wp-block-stackable-column stk-block-column stk-block-column--v3 stk-column stk-block-column--v2 stk-block stk-ecf3054\" data-block-id=\"ecf3054\"><div class=\"stk-column-wrapper stk-block-column__content stk-container stk-ecf3054-container stk--no-background stk--no-padding\"><div class=\"stk-block-content stk-inner-blocks stk-ecf3054-inner-blocks\">\n<div class=\"wp-block-stackable-image stk-block-image stk-block stk-017f20b\" data-block-id=\"017f20b\"><figure class=\"stk-img-wrapper stk-image--shape-stretch\"><img loading=\"lazy\" decoding=\"async\" class=\"stk-img wp-image-3737\" src=\"http:\/\/oceanomaredelphis.org\/wp-content\/uploads\/2023\/01\/JGabriel.jpg\" width=\"1200\" height=\"802\" srcset=\"https:\/\/oceanomaredelphis.org\/wp-content\/uploads\/2023\/01\/JGabriel.jpg 1200w, https:\/\/oceanomaredelphis.org\/wp-content\/uploads\/2023\/01\/JGabriel-300x201.jpg 300w, https:\/\/oceanomaredelphis.org\/wp-content\/uploads\/2023\/01\/JGabriel-1024x684.jpg 1024w, https:\/\/oceanomaredelphis.org\/wp-content\/uploads\/2023\/01\/JGabriel-768x513.jpg 768w\" sizes=\"auto, (max-width: 1200px) 100vw, 1200px\" \/><\/figure><\/div>\n<\/div><\/div><\/div>\n\n\n\n<div class=\"wp-block-stackable-column stk-block-column stk-block-column--v3 stk-column stk-block-column--v2 stk-block stk-8cb9173\" data-block-id=\"8cb9173\"><div class=\"stk-column-wrapper stk-block-column__content stk-container stk-8cb9173-container stk--no-background stk--no-padding\"><div class=\"stk-block-content stk-inner-blocks stk-8cb9173-inner-blocks\">\n<div class=\"wp-block-stackable-image stk-block-image stk-block stk-6b7f343\" data-block-id=\"6b7f343\"><figure class=\"stk-img-wrapper stk-image--shape-stretch\"><img loading=\"lazy\" decoding=\"async\" class=\"stk-img wp-image-3736\" src=\"http:\/\/oceanomaredelphis.org\/wp-content\/uploads\/2023\/01\/JG_Daragnes.jpg\" width=\"1200\" height=\"802\" srcset=\"https:\/\/oceanomaredelphis.org\/wp-content\/uploads\/2023\/01\/JG_Daragnes.jpg 1200w, https:\/\/oceanomaredelphis.org\/wp-content\/uploads\/2023\/01\/JG_Daragnes-300x201.jpg 300w, https:\/\/oceanomaredelphis.org\/wp-content\/uploads\/2023\/01\/JG_Daragnes-1024x684.jpg 1024w, https:\/\/oceanomaredelphis.org\/wp-content\/uploads\/2023\/01\/JG_Daragnes-768x513.jpg 768w\" sizes=\"auto, (max-width: 1200px) 100vw, 1200px\" \/><\/figure><\/div>\n<\/div><\/div><\/div>\n<\/div><\/div>\n\n\n\n<div class=\"wp-block-stackable-columns stk-block-columns stk-block stk-bba5bef\" data-block-id=\"bba5bef\"><div class=\"stk-row stk-inner-blocks stk-block-content stk-content-align stk-bba5bef-column\">\n<div class=\"wp-block-stackable-column stk-block-column stk-block-column--v3 stk-column stk-block-column--v2 stk-block stk-5b1ced6\" data-block-id=\"5b1ced6\"><style>@media screen and (min-width:690px){.stk-5b1ced6{flex:1 1 33.3% !important}}<\/style><div class=\"stk-column-wrapper stk-block-column__content stk-container stk-5b1ced6-container stk--no-background stk--no-padding\"><div class=\"stk-block-content stk-inner-blocks stk-5b1ced6-inner-blocks\">\n<p><br><br><br><br><br><br>We were contacted by the Meunier Daragn\u00e8s family, heirs of Jean Gabriel Daragn\u00e8s, the first owner of Jean Gab.<br><br>In particular, we were contacted by Pierre Meunier, who donated these beautiful images of Jean Gab dating back to the construction and the early years of sailing.<br><br>Pierre's grandmother, Jeannine Daragn\u00e8s, married Jean Gabriel in her third marriage; Jeannine's first marriage was to a Meunier, and from this marriage was born Paul Meunier, Pierre's father. <br><br>Today Pierre and his sister are probably the only heirs of Jean Gabriel Daragn\u00e8s; Pierre writes that he does not know if there are any other family members left in Bordeaux, where Jean Gabriel was born. Pierre today lives in Spain, in Barcelona.<br><\/p>\n<\/div><\/div><\/div>\n\n\n\n<div class=\"wp-block-stackable-column stk-block-column stk-block-column--v3 stk-column stk-block-column--v2 stk-block stk-c256dfe\" data-block-id=\"c256dfe\"><style>@media screen and (min-width:690px){.stk-c256dfe{flex:1 1 66.7% !important}}<\/style><div class=\"stk-column-wrapper stk-block-column__content stk-container stk-c256dfe-container stk--no-background stk--no-padding\"><div class=\"stk-block-content stk-inner-blocks stk-c256dfe-inner-blocks\">\n<div class=\"wp-block-stackable-image stk-block-image stk-block stk-936529c\" data-block-id=\"936529c\"><figure class=\"stk-img-wrapper stk-image--shape-stretch\"><img loading=\"lazy\" decoding=\"async\" class=\"stk-img wp-image-3738\" src=\"http:\/\/oceanomaredelphis.org\/wp-content\/uploads\/2023\/01\/JG_storico.jpg\" width=\"700\" height=\"1102\" srcset=\"https:\/\/oceanomaredelphis.org\/wp-content\/uploads\/2023\/01\/JG_storico.jpg 700w, https:\/\/oceanomaredelphis.org\/wp-content\/uploads\/2023\/01\/JG_storico-191x300.jpg 191w, https:\/\/oceanomaredelphis.org\/wp-content\/uploads\/2023\/01\/JG_storico-650x1024.jpg 650w\" sizes=\"auto, (max-width: 700px) 100vw, 700px\" \/><\/figure><\/div>\n<\/div><\/div><\/div>\n<\/div><\/div>\n\n\n\n<div class=\"wp-block-stackable-columns stk-block-columns stk-block stk-9519330\" data-block-id=\"9519330\"><div class=\"stk-row stk-inner-blocks stk-block-content stk-content-align stk-9519330-column\">\n<div class=\"wp-block-stackable-column stk-block-column stk-block-column--v3 stk-column stk-block-column--v2 stk-block stk-a0daa61\" data-block-id=\"a0daa61\"><div class=\"stk-column-wrapper stk-block-column__content stk-container stk-a0daa61-container stk--no-background stk--no-padding\"><div class=\"stk-block-content stk-inner-blocks stk-a0daa61-inner-blocks\">\n<div class=\"wp-block-stackable-image stk-block-image stk-block stk-659389b\" data-block-id=\"659389b\"><figure class=\"stk-img-wrapper stk-image--shape-stretch\"><img loading=\"lazy\" decoding=\"async\" class=\"stk-img wp-image-3741\" src=\"http:\/\/oceanomaredelphis.org\/wp-content\/uploads\/2023\/01\/JG_costruzione.jpg\" width=\"1200\" height=\"863\" srcset=\"https:\/\/oceanomaredelphis.org\/wp-content\/uploads\/2023\/01\/JG_costruzione.jpg 1200w, https:\/\/oceanomaredelphis.org\/wp-content\/uploads\/2023\/01\/JG_costruzione-300x216.jpg 300w, https:\/\/oceanomaredelphis.org\/wp-content\/uploads\/2023\/01\/JG_costruzione-1024x736.jpg 1024w, https:\/\/oceanomaredelphis.org\/wp-content\/uploads\/2023\/01\/JG_costruzione-768x552.jpg 768w\" sizes=\"auto, (max-width: 1200px) 100vw, 1200px\" \/><\/figure><\/div>\n<\/div><\/div><\/div>\n\n\n\n<div class=\"wp-block-stackable-column stk-block-column stk-block-column--v3 stk-column stk-block-column--v2 stk-block stk-55256af\" data-block-id=\"55256af\"><div class=\"stk-column-wrapper stk-block-column__content stk-container stk-55256af-container stk--no-background stk--no-padding\"><div class=\"stk-block-content stk-inner-blocks stk-55256af-inner-blocks\">\n<div class=\"wp-block-stackable-image stk-block-image stk-block stk-41fc2b9\" data-block-id=\"41fc2b9\"><figure class=\"stk-img-wrapper stk-image--shape-stretch\"><img loading=\"lazy\" decoding=\"async\" class=\"stk-img wp-image-3742\" src=\"http:\/\/oceanomaredelphis.org\/wp-content\/uploads\/2023\/01\/JG_varo.jpg\" width=\"1200\" height=\"851\" srcset=\"https:\/\/oceanomaredelphis.org\/wp-content\/uploads\/2023\/01\/JG_varo.jpg 1200w, https:\/\/oceanomaredelphis.org\/wp-content\/uploads\/2023\/01\/JG_varo-300x213.jpg 300w, https:\/\/oceanomaredelphis.org\/wp-content\/uploads\/2023\/01\/JG_varo-1024x726.jpg 1024w, https:\/\/oceanomaredelphis.org\/wp-content\/uploads\/2023\/01\/JG_varo-768x545.jpg 768w\" sizes=\"auto, (max-width: 1200px) 100vw, 1200px\" \/><\/figure><\/div>\n<\/div><\/div><\/div>\n<\/div><\/div>","protected":false},"excerpt":{"rendered":"<p>Jean Gab, cutter 1930 Jean Gab \u00e8 un cutter oceanico in quercia costruito a Marsiglia nel 1930 dal pi\u00f9 famoso architetto navale francese, Andr\u00e9 Mauric.Andr\u00e8 Mauric ha disegnato le imbarcazioni francesi a vela per la Coppa America (France I e France II) e ha firmato Pen Duick IV, utilizzato dal celebre navigatore francese Eric Tabarly [&hellip;]<\/p>\n","protected":false},"author":1,"featured_media":0,"parent":0,"menu_order":0,"comment_status":"closed","ping_status":"closed","template":"","meta":{"footnotes":""},"class_list":["post-3720","page","type-page","status-publish","hentry"],"blocksy_meta":{"styles_descriptor":{"styles":{"desktop":"","tablet":"","mobile":""},"google_fonts":[],"version":6}},"_links":{"self":[{"href":"https:\/\/oceanomaredelphis.org\/en\/wp-json\/wp\/v2\/pages\/3720","targetHints":{"allow":["GET"]}}],"collection":[{"href":"https:\/\/oceanomaredelphis.org\/en\/wp-json\/wp\/v2\/pages"}],"about":[{"href":"https:\/\/oceanomaredelphis.org\/en\/wp-json\/wp\/v2\/types\/page"}],"author":[{"embeddable":true,"href":"https:\/\/oceanomaredelphis.org\/en\/wp-json\/wp\/v2\/users\/1"}],"replies":[{"embeddable":true,"href":"https:\/\/oceanomaredelphis.org\/en\/wp-json\/wp\/v2\/comments?post=3720"}],"version-history":[{"count":10,"href":"https:\/\/oceanomaredelphis.org\/en\/wp-json\/wp\/v2\/pages\/3720\/revisions"}],"predecessor-version":[{"id":4173,"href":"https:\/\/oceanomaredelphis.org\/en\/wp-json\/wp\/v2\/pages\/3720\/revisions\/4173"}],"wp:attachment":[{"href":"https:\/\/oceanomaredelphis.org\/en\/wp-json\/wp\/v2\/media?parent=3720"}],"curies":[{"name":"wp","href":"https:\/\/api.w.org\/{rel}","templated":true}]}}