{"id":3401,"date":"2022-10-19T15:12:29","date_gmt":"2022-10-19T15:12:29","guid":{"rendered":"http:\/\/delphis.cetacei.org\/?page_id=3401"},"modified":"2023-01-26T17:58:03","modified_gmt":"2023-01-26T17:58:03","slug":"pilot-whale","status":"publish","type":"page","link":"https:\/\/oceanomaredelphis.org\/en\/pilot-whale\/","title":{"rendered":"pilot whale"},"content":{"rendered":"<div class=\"wp-block-stackable-columns alignfull stk-block-columns stk-block stk-12914d2 stk-block-background stk--has-background-overlay\" data-block-id=\"12914d2\"><style>.stk-12914d2{background-image:url(http:\/\/oceanomaredelphis.org\/wp-content\/uploads\/2022\/11\/Gm_banner.jpg) !important;border-style:solid !important;border-color:var(--theme-palette-color-2,#002a76) !important;border-top-width:1px !important;border-right-width:0px !important;border-bottom-width:1px !important;border-left-width:0px !important;min-height:400px !important;max-width:1920px !important}@media screen and (max-width:999px){.stk-12914d2{min-height:300px !important}}@media screen and (max-width:689px){.stk-12914d2{background-image:url(http:\/\/oceanomaredelphis.org\/wp-content\/uploads\/2023\/01\/Gm_banner_phone.jpg) !important;min-height:400px !important}}<\/style><div class=\"stk-row stk-inner-blocks stk-block-content stk-content-align stk-12914d2-column alignfull\">\n<div class=\"wp-block-stackable-column stk-block-column stk-block-column--v2 stk-column stk-block stk-2a0fb5c\" data-block-id=\"2a0fb5c\"><div class=\"stk-column-wrapper stk-block-column__content stk-container stk-2a0fb5c-container stk--no-background stk--no-padding\"><div class=\"stk-block-content stk-inner-blocks stk-2a0fb5c-inner-blocks\"><\/div><\/div><\/div>\n<\/div><\/div>\n\n\n\n<div class=\"wp-block-stackable-columns stk-block-columns stk-block stk-8cda111\" data-block-id=\"8cda111\"><div class=\"stk-row stk-inner-blocks stk-block-content stk-content-align stk-8cda111-column\">\n<div class=\"wp-block-stackable-column stk-block-column stk-block-column--v2 stk-column stk-block stk-29f1e99\" data-block-id=\"29f1e99\"><style>@media screen and (min-width:690px){.stk-29f1e99{flex:1 1 33.3% !important}}<\/style><div class=\"stk-column-wrapper stk-block-column__content stk-container stk-29f1e99-container stk--no-background stk--no-padding\"><div class=\"stk-block-content stk-inner-blocks stk-29f1e99-inner-blocks\">\n<div class=\"wp-block-stackable-heading stk-block-heading stk-block-heading--v2 stk-block stk-438ec1f\" id=\"globicefalo\" data-block-id=\"438ec1f\"><h2 class=\"stk-block-heading__text\">Pilot whale<\/h2><\/div>\n\n\n\n<div class=\"wp-block-stackable-text stk-block-text stk-block stk-d6d9250\" data-block-id=\"d6d9250\"><p class=\"stk-block-text__text\">Kingdom: Animalia<br>Phylum: Chordata<br>Class: Mammalia<br>Order: Cetartiodactyla<br>Infraorder: Cetacea<br>Parvorder: Odontoceti<br>Family: Delphinidae<br>Genus: Globicephala<br>Species: <em>Globicephala melas <\/em>(Trail 1809)<\/p><\/div>\n<\/div><\/div><\/div>\n\n\n\n<div class=\"wp-block-stackable-column stk-block-column stk-block-column--v2 stk-column stk-block stk-8585e59\" data-block-id=\"8585e59\"><style>@media screen and (min-width:690px){.stk-8585e59{flex:1 1 66.7% !important}}<\/style><div class=\"stk-column-wrapper stk-block-column__content stk-container stk-8585e59-container stk--no-background stk--no-padding\"><div class=\"stk-block-content stk-inner-blocks stk-8585e59-inner-blocks\">\n<div class=\"wp-block-stackable-image stk-block-image stk-block stk-43f19b0\" data-block-id=\"43f19b0\"><style>.stk-43f19b0{box-shadow:5px 5px 3px 3px rgba(0,0,0,0.3) !important;border-style:solid !important;border-color:var(--theme-palette-color-5,#e1e8ed) !important}<\/style><figure class=\"stk-img-wrapper stk-image--shape-stretch\"><img loading=\"lazy\" decoding=\"async\" class=\"stk-img wp-image-2537\" src=\"http:\/\/oceanomaredelphis.org\/wp-content\/uploads\/2022\/09\/disegno-globicefalo.jpg\" width=\"680\" height=\"485\" srcset=\"https:\/\/oceanomaredelphis.org\/wp-content\/uploads\/2022\/09\/disegno-globicefalo.jpg 680w, https:\/\/oceanomaredelphis.org\/wp-content\/uploads\/2022\/09\/disegno-globicefalo-300x214.jpg 300w\" sizes=\"auto, (max-width: 680px) 100vw, 680px\" \/><\/figure><\/div>\n<\/div><\/div><\/div>\n<\/div><\/div>\n\n\n\n<div class=\"wp-block-stackable-heading stk-block-heading stk-block-heading--v2 stk-block stk-b397c2c\" id=\"descrizione\" data-block-id=\"b397c2c\"><h2 class=\"stk-block-heading__text stk-block-heading--use-theme-margins\">Description<\/h2><\/div>\n\n\n\n<div class=\"wp-block-stackable-text stk-block-text stk-block stk-679cd2a\" data-block-id=\"679cd2a\"><p class=\"stk-block-text__text translation-block\">The pilot whale exhibits sexual dimorphism, with the male reaching almost 7 meters in length and weighing 2.3 tons and the female slightly smaller (about 5.5 meters).<br>The body is massive, and the rostrum is barely noticeable due to the globe shape of the head. The coloration is ebony black or dark brown in adults, while in juveniles light hazel. A white spot on the chest and belly in the shape of an inverted anchor is always present in the adult.<\/p><\/div>\n\n\n\n<div class=\"wp-block-stackable-image stk-block-image stk-block stk-296a855\" data-block-id=\"296a855\"><figure class=\"stk-img-wrapper stk-image--shape-stretch\"><img loading=\"lazy\" decoding=\"async\" class=\"stk-img wp-image-3540\" src=\"http:\/\/oceanomaredelphis.org\/wp-content\/uploads\/2022\/11\/Gm_pair.jpg\" width=\"1600\" height=\"942\" srcset=\"https:\/\/oceanomaredelphis.org\/wp-content\/uploads\/2022\/11\/Gm_pair.jpg 1600w, https:\/\/oceanomaredelphis.org\/wp-content\/uploads\/2022\/11\/Gm_pair-300x177.jpg 300w, https:\/\/oceanomaredelphis.org\/wp-content\/uploads\/2022\/11\/Gm_pair-1024x603.jpg 1024w, https:\/\/oceanomaredelphis.org\/wp-content\/uploads\/2022\/11\/Gm_pair-768x452.jpg 768w, https:\/\/oceanomaredelphis.org\/wp-content\/uploads\/2022\/11\/Gm_pair-1536x904.jpg 1536w\" sizes=\"auto, (max-width: 1600px) 100vw, 1600px\" \/><\/figure><\/div>\n\n\n\n<div class=\"wp-block-stackable-text stk-block-text stk-block stk-b459d05\" data-block-id=\"b459d05\"><style>.stk-b459d05{margin-bottom:50px !important}<\/style><p class=\"stk-block-text__text translation-block\">The species is distributed in temperate and subpolar waters and is found in pelagic and coastal areas of the North Atlantic and North Sea.<br>In the Mediterranean, pilot whales are present in the Strait of Gibraltar, Alboran Sea, and the Corsican-Ligurian Proven\u00e7al Basin. In Italy, sightings are concentrated in the Ligurian Sea and Sardinia. The only known nucleus in our study area has disappeared through the years.<br>The pilot whale is a gregarious species par excellence, forming groups of a few dozen to hundreds of specimens.<br>The species feeds at depth and especially on cephalopods.<\/p><\/div>\n\n\n\n<div class=\"wp-block-stackable-heading stk-block-heading stk-block-heading--v2 stk-block stk-20cfd3f\" id=\"stato-di-conservazione-in-mediterraneo\" data-block-id=\"20cfd3f\"><h2 class=\"stk-block-heading__text stk-block-heading--use-theme-margins\">Mediterranean Conservation Status<\/h2><\/div>\n\n\n\n<div class=\"wp-block-stackable-text stk-block-text stk-block stk-6c36ac2\" data-block-id=\"6c36ac2\"><p class=\"stk-block-text__text translation-block\">In 2021, the Mediterranean subpopulation of pilot whales moved from the category of Data Deficient to <strong>Endangered<\/strong>.<\/p><\/div>\n\n\n\n<div class=\"wp-block-stackable-image stk-block-image stk-block stk-bf9ea1f\" data-block-id=\"bf9ea1f\"><style>.stk-bf9ea1f{border-style:solid !important}<\/style><figure class=\"stk-img-wrapper stk-image--shape-stretch\"><img loading=\"lazy\" decoding=\"async\" class=\"stk-img wp-image-3429\" src=\"http:\/\/oceanomaredelphis.org\/wp-content\/uploads\/2022\/10\/EN.jpg\" width=\"1310\" height=\"329\" srcset=\"https:\/\/oceanomaredelphis.org\/wp-content\/uploads\/2022\/10\/EN.jpg 1310w, https:\/\/oceanomaredelphis.org\/wp-content\/uploads\/2022\/10\/EN-300x75.jpg 300w, https:\/\/oceanomaredelphis.org\/wp-content\/uploads\/2022\/10\/EN-1024x257.jpg 1024w, https:\/\/oceanomaredelphis.org\/wp-content\/uploads\/2022\/10\/EN-768x193.jpg 768w\" sizes=\"auto, (max-width: 1310px) 100vw, 1310px\" \/><\/figure><\/div>\n\n\n\n<div class=\"wp-block-stackable-text stk-block-text stk-block stk-ebfdcd2\" data-block-id=\"ebfdcd2\"><p class=\"stk-block-text__text\">Mediterranean pilot whales are genetically isolated from the North Atlantic population, and estimates count less than ~2,500 mature individuals. Over the past 10 years, they have suffered a steady decline due to several factors: a morbillivirus outbreak in 2006, high levels of contaminants, disturbance by shipping and whale-watching, and interactions with fisheries. A population decline of 35 percent over three generations has been predicted.<\/p><\/div>\n\n\n\n<div class=\"wp-block-stackable-text stk-block-text stk-block stk-e7c561a\" data-block-id=\"e7c561a\"><p class=\"stk-block-text__text\"><strong>Listed in<\/strong><br>CMS App. II (only North and Baltic Seas populations)<br>CITES App. II<br>Bern Convention App. II<br>Barcelona Convention SPA\/BD Protocol, Annex II<\/p><\/div>\n\n\n\n<div class=\"wp-block-stackable-text stk-block-text stk-block stk-42173ad\" data-block-id=\"42173ad\"><style>.stk-42173ad{margin-bottom:50px !important}<\/style><p class=\"stk-block-text__text\"><strong>Global status<\/strong><br>Least Concern<\/p><\/div>\n\n\n\n<div class=\"wp-block-stackable-heading stk-block-heading stk-block-heading--v2 stk-block stk-27ee295\" id=\"il-nucleo-locale\" data-block-id=\"27ee295\"><h2 class=\"stk-block-heading__text stk-block-heading--use-theme-margins\">The local nucleus<\/h2><\/div>\n\n\n\n<div class=\"wp-block-stackable-text stk-block-text stk-block stk-723e723\" data-block-id=\"723e723\"><p class=\"stk-block-text__text translation-block\">Beginning in 1995, a stable group of pilot whales has been documented as semi-stationary off Ventotene Island. <br>In 1995, the pod consisted of 6 photo-identified individuals: three adult males (Cagliostro, Santiago, and Enea), one adult female (Se\u00f1ora), one juvenile female (Emma), and one immature male (Pan). The pod was led by the largest male, the \"pilot\" Cagliostro, as observed in other social groups of this species.<\/p><\/div>\n\n\n\n<div class=\"wp-block-stackable-image stk-block-image stk-block stk-922d69b\" data-block-id=\"922d69b\"><figure class=\"stk-img-wrapper stk-image--shape-stretch\"><img loading=\"lazy\" decoding=\"async\" class=\"stk-img wp-image-3541\" src=\"http:\/\/oceanomaredelphis.org\/wp-content\/uploads\/2022\/11\/Gm_Ischia.jpg\" width=\"1600\" height=\"794\" srcset=\"https:\/\/oceanomaredelphis.org\/wp-content\/uploads\/2022\/11\/Gm_Ischia.jpg 1600w, https:\/\/oceanomaredelphis.org\/wp-content\/uploads\/2022\/11\/Gm_Ischia-300x149.jpg 300w, https:\/\/oceanomaredelphis.org\/wp-content\/uploads\/2022\/11\/Gm_Ischia-1024x508.jpg 1024w, https:\/\/oceanomaredelphis.org\/wp-content\/uploads\/2022\/11\/Gm_Ischia-768x381.jpg 768w, https:\/\/oceanomaredelphis.org\/wp-content\/uploads\/2022\/11\/Gm_Ischia-1536x762.jpg 1536w\" sizes=\"auto, (max-width: 1600px) 100vw, 1600px\" \/><\/figure><\/div>\n\n\n\n<div class=\"wp-block-stackable-text stk-block-text stk-block stk-17c0348\" data-block-id=\"17c0348\"><p class=\"stk-block-text__text translation-block\">In 1996, one of the adult males (Enea) disappeared; later, in 1999, a newborn was recorded in the pod. Our observations documented that Cagliostro, the \"pilot,\" was constantly taking care of the juvenile Pan (about 5-6 years old), remaining isolated from the rest of the pack. On the other hand, the two females and the second male in the group were clustering with the newborn, perhaps in defense.<br>From 2000 to 2004, we regularly spotted only Cagliostro and Pan; the other members of the group were never encountered again. In 2006 Cagliostro and Pan were last sighted; the animals were together with a female and a newborn.<\/p><\/div>\n\n\n\n<div class=\"wp-block-stackable-image stk-block-image stk-block stk-61aea8a\" data-block-id=\"61aea8a\"><figure class=\"stk-img-wrapper stk-image--shape-stretch\"><img loading=\"lazy\" decoding=\"async\" class=\"stk-img wp-image-3542\" src=\"http:\/\/oceanomaredelphis.org\/wp-content\/uploads\/2022\/11\/Gm_map.jpg\" width=\"1600\" height=\"396\" srcset=\"https:\/\/oceanomaredelphis.org\/wp-content\/uploads\/2022\/11\/Gm_map.jpg 1600w, https:\/\/oceanomaredelphis.org\/wp-content\/uploads\/2022\/11\/Gm_map-300x74.jpg 300w, https:\/\/oceanomaredelphis.org\/wp-content\/uploads\/2022\/11\/Gm_map-1024x253.jpg 1024w, https:\/\/oceanomaredelphis.org\/wp-content\/uploads\/2022\/11\/Gm_map-768x190.jpg 768w, https:\/\/oceanomaredelphis.org\/wp-content\/uploads\/2022\/11\/Gm_map-1536x380.jpg 1536w\" sizes=\"auto, (max-width: 1600px) 100vw, 1600px\" \/><\/figure><\/div>\n\n\n\n<div class=\"wp-block-stackable-text stk-block-text stk-block stk-e2cfb2c\" id=\"acustica\" data-block-id=\"e2cfb2c\"><style>.stk-e2cfb2c{margin-bottom:50px !important}<\/style><p class=\"stk-block-text__text\">Sightings have almost always occurred southwest of Ventotene in a narrow stretch of sea (3 km2) corresponding to an undersea crater not described in the literature, which we nicknamed \"Globibar.\" However, the last sightings in 2006 occurred southwest of Ischia, in the canyon of Punta Imperatore.<\/p><\/div>\n\n\n\n<div class=\"wp-block-stackable-heading stk-block-heading stk-block-heading--v2 stk-block stk-31512ad\" id=\"acustica\" data-block-id=\"31512ad\"><h2 class=\"stk-block-heading__text stk-block-heading--use-theme-margins\">Acoustics<\/h2><\/div>\n\n\n\n<div class=\"wp-block-stackable-text stk-block-text stk-block stk-c7ee1a5\" data-block-id=\"c7ee1a5\"><p class=\"stk-block-text__text\">The pilot whale has a varied acoustic repertoire; several associations between sounds and behavior have been documented; however, there is no information on the degree to which whistles are stereotyped and have a \"signature\" function.<\/p><\/div>\n\n\n\n<div class=\"wp-block-stackable-image stk-block-image stk-block stk-e4fb19b\" data-block-id=\"e4fb19b\"><figure class=\"stk-img-wrapper stk-image--shape-stretch\"><img loading=\"lazy\" decoding=\"async\" class=\"stk-img wp-image-3543\" src=\"http:\/\/oceanomaredelphis.org\/wp-content\/uploads\/2022\/11\/Gm_spectrogram.jpg\" width=\"1600\" height=\"724\" srcset=\"https:\/\/oceanomaredelphis.org\/wp-content\/uploads\/2022\/11\/Gm_spectrogram.jpg 1600w, https:\/\/oceanomaredelphis.org\/wp-content\/uploads\/2022\/11\/Gm_spectrogram-300x136.jpg 300w, https:\/\/oceanomaredelphis.org\/wp-content\/uploads\/2022\/11\/Gm_spectrogram-1024x463.jpg 1024w, https:\/\/oceanomaredelphis.org\/wp-content\/uploads\/2022\/11\/Gm_spectrogram-768x348.jpg 768w, https:\/\/oceanomaredelphis.org\/wp-content\/uploads\/2022\/11\/Gm_spectrogram-1536x695.jpg 1536w\" sizes=\"auto, (max-width: 1600px) 100vw, 1600px\" \/><\/figure><\/div>\n\n\n\n<p class=\"translation-block\">Thanks to the temporal continuity of our observations, it was possible to record and catalog the sounds emitted by the pilot whales of Ventotene.<br>All whistles (No. 899) were cataloged according to their shape and assigned to individuals by observing the air bubbles emitted during the production of whistles while bow riding. The results of the analysis showed that the pilot whales predominantly (80%) produced their signature whistle. The calls of males were predominant (80%). All whistles have an introductory structure. The juvenile male, Pan, developed this introduction only in 1996, and in the same year, he introduced an additional final vocalization to his call.<\/p>\n\n\n\n<div class=\"wp-block-stackable-spacer stk-block-spacer stk--no-padding stk-block stk-6731e5f\" data-block-id=\"6731e5f\"><\/div>\n\n\n\n<div class=\"wp-block-stackable-image stk-block-image stk-block stk-cf10a3e\" data-block-id=\"cf10a3e\"><a class=\"stk-link stk-img-wrapper stk-image--shape-stretch\" href=\"http:\/\/oceanomaredelphis.org\/wp-content\/uploads\/2023\/01\/SCHEDA-AVVISTAMENTO-CETACEI.pdf\" target=\"_blank\" rel=\"noreferrer noopener\"><img loading=\"lazy\" decoding=\"async\" class=\"stk-img wp-image-3771\" src=\"http:\/\/oceanomaredelphis.org\/wp-content\/uploads\/2023\/01\/bnr-1024x201-1.png\" width=\"1024\" height=\"201\" srcset=\"https:\/\/oceanomaredelphis.org\/wp-content\/uploads\/2023\/01\/bnr-1024x201-1.png 1024w, https:\/\/oceanomaredelphis.org\/wp-content\/uploads\/2023\/01\/bnr-1024x201-1-300x59.png 300w, https:\/\/oceanomaredelphis.org\/wp-content\/uploads\/2023\/01\/bnr-1024x201-1-768x151.png 768w\" sizes=\"auto, (max-width: 1024px) 100vw, 1024px\" \/><\/a><\/div>","protected":false},"excerpt":{"rendered":"<p>Globicefalo Regno: AnimaliaPhylum: ChordataClasse: MammaliaOrdine: CetartiodactylaInfraordine: CetaceaParvordine: OdontocetiFamiglia: DelphinidaeGenere: GlobicephalaSpecie: Globicephala melas (Trail 1809) Descrizione Il globicefalo presenta dimorfismo sessuale, il maschio raggiunge quasi i 7 metri di lunghezza ed il peso di 2.3 tonnellate, la femmina \u00e8 leggermente pi\u00f9 piccola (circa 5.5 metri).Il corpo \u00e8 massiccio, e il rostro \u00e8 appena accennato a causa [&hellip;]<\/p>\n","protected":false},"author":1,"featured_media":0,"parent":0,"menu_order":0,"comment_status":"closed","ping_status":"closed","template":"","meta":{"footnotes":""},"class_list":["post-3401","page","type-page","status-publish","hentry"],"blocksy_meta":{"styles_descriptor":{"styles":{"desktop":"","tablet":"","mobile":""},"google_fonts":[],"version":6}},"_links":{"self":[{"href":"https:\/\/oceanomaredelphis.org\/en\/wp-json\/wp\/v2\/pages\/3401","targetHints":{"allow":["GET"]}}],"collection":[{"href":"https:\/\/oceanomaredelphis.org\/en\/wp-json\/wp\/v2\/pages"}],"about":[{"href":"https:\/\/oceanomaredelphis.org\/en\/wp-json\/wp\/v2\/types\/page"}],"author":[{"embeddable":true,"href":"https:\/\/oceanomaredelphis.org\/en\/wp-json\/wp\/v2\/users\/1"}],"replies":[{"embeddable":true,"href":"https:\/\/oceanomaredelphis.org\/en\/wp-json\/wp\/v2\/comments?post=3401"}],"version-history":[{"count":13,"href":"https:\/\/oceanomaredelphis.org\/en\/wp-json\/wp\/v2\/pages\/3401\/revisions"}],"predecessor-version":[{"id":4082,"href":"https:\/\/oceanomaredelphis.org\/en\/wp-json\/wp\/v2\/pages\/3401\/revisions\/4082"}],"wp:attachment":[{"href":"https:\/\/oceanomaredelphis.org\/en\/wp-json\/wp\/v2\/media?parent=3401"}],"curies":[{"name":"wp","href":"https:\/\/api.w.org\/{rel}","templated":true}]}}